{"id":328,"date":"2024-07-01T17:07:19","date_gmt":"2024-07-01T17:07:19","guid":{"rendered":"https:\/\/ciberbrok.com\/?page_id=328"},"modified":"2024-07-01T17:08:46","modified_gmt":"2024-07-01T17:08:46","slug":"accesibilidad","status":"publish","type":"page","link":"https:\/\/ciberbrok.com\/en\/accesibilidad","title":{"rendered":"Accesibilidad"},"content":{"rendered":"<p>[et_pb_section fb_built=\u00bb1&#8243; _builder_version=\u00bb4.25.2&#8243; _module_preset=\u00bbdefault\u00bb background_color=\u00bbgcid-primary-color\u00bb global_colors_info=\u00bb{%22gcid-primary-color%22:%91%22background_color%22%93}\u00bb locked=\u00bboff\u00bb theme_builder_area=\u00bbpost_content\u00bb][et_pb_row _builder_version=\u00bb4.25.2&#8243; _module_preset=\u00bbdefault\u00bb hover_enabled=\u00bb0&#8243; global_colors_info=\u00bb{}\u00bb theme_builder_area=\u00bbpost_content\u00bb sticky_enabled=\u00bb0&#8243;][et_pb_column type=\u00bb4_4&#8243; _builder_version=\u00bb4.25.2&#8243; _module_preset=\u00bbdefault\u00bb global_colors_info=\u00bb{}\u00bb theme_builder_area=\u00bbpost_content\u00bb][et_pb_text _builder_version=\u00bb4.25.2&#8243; _module_preset=\u00bbdefault\u00bb text_font=\u00bb|700|||||||\u00bb text_text_color=\u00bb#FFFFFF\u00bb text_font_size=\u00bb30px\u00bb hover_enabled=\u00bb0&#8243; text_font_size_tablet=\u00bb30px\u00bb text_font_size_phone=\u00bb30px\u00bb text_font_size_last_edited=\u00bbon|phone\u00bb global_colors_info=\u00bb{}\u00bb theme_builder_area=\u00bbpost_content\u00bb sticky_enabled=\u00bb0&#8243;]<\/p>\n<p>Accesibilidad<\/p>\n<p>[\/et_pb_text][\/et_pb_column][\/et_pb_row][\/et_pb_section][et_pb_section fb_built=\u00bb1&#8243; theme_builder_area=\u00bbpost_content\u00bb _builder_version=\u00bb4.25.2&#8243; _module_preset=\u00bbdefault\u00bb custom_padding=\u00bb35px|||||\u00bb][et_pb_row _builder_version=\u00bb4.25.2&#8243; _module_preset=\u00bbdefault\u00bb theme_builder_area=\u00bbpost_content\u00bb][et_pb_column _builder_version=\u00bb4.25.2&#8243; _module_preset=\u00bbdefault\u00bb type=\u00bb4_4&#8243; theme_builder_area=\u00bbpost_content\u00bb][et_pb_text _builder_version=\u00bb4.25.2&#8243; _module_preset=\u00bbdefault\u00bb theme_builder_area=\u00bbpost_content\u00bb hover_enabled=\u00bb0&#8243; sticky_enabled=\u00bb0&#8243;]<\/p>\n<p><span style=\"font-weight: 400;\">El propietario del sitio web se ha comprometido en hacer accesible su sitio web de conformidad con el Real Decreto 1112\/2018, de 7 de septiembre, sobre accesibilidad de los sitios web y aplicaciones para dispositivos m\u00f3viles del sector p\u00fablico (en adelante, Real Decreto 1112\/2018, de 7 de septiembre), por el que se traspone la Directiva (UE) 2016\/2102 del Parlamento Europeo y del Consejo, de 26 de octubre de 2016. La presente declaraci\u00f3n aplica a este sitio web. Situaci\u00f3n de cumplimiento Este sitio web es parcialmente conforme con el Real Decreto 1112\/2018, de 7 de septiembre a causa de las excepciones y la falta de conformidad de los aspectos que se indican a continuaci\u00f3n. Contenido no accesible El contenido que es recoge a continuaci\u00f3n no es accesible por los siguientes motivos: Falta de conformidad con el Real Decreto 1112\/2018, de 7 de septiembre:<\/span><\/p>\n<ol>\n<li style=\"font-weight: 400;\" aria-level=\"1\"><span style=\"font-weight: 400;\">Algunas im\u00e1genes no est\u00e1n etiquetadas o tienen una alternativa textual gen\u00e9rica [requisito n\u00famero 9.1.1.1 de la norma UNE-EN 301549:2019 Contenido no textual]<\/span><\/li>\n<li style=\"font-weight: 400;\" aria-level=\"1\"><span style=\"font-weight: 400;\">Algunos v\u00eddeos grabados pueden no contener subt\u00edtulos [requisito n\u00famero 9.1.2.2 de la norma UNE-EN 301549:2019 subt\u00edtulos (grabados)]<\/span><\/li>\n<li style=\"font-weight: 400;\" aria-level=\"1\"><span style=\"font-weight: 400;\">Algunos videos pregrabados en el sitio web no disponen de audio descripci\u00f3n o medios alternativos [requisitos n\u00famero 9.1.2.5 y 9.1.2.3 de la norma UNE-EN 301549:2019 Audio descripci\u00f3n o medios alternativos (grabado)]<\/span><\/li>\n<li style=\"font-weight: 400;\" aria-level=\"1\"><span style=\"font-weight: 400;\">En algunas p\u00e1ginas la informaci\u00f3n, estructura y relaciones no est\u00e1n determinadas por software o no tienen alternativa como texto. [requisito n\u00famero 9.1.3.1 de la UNE-EN 301549:2019 de informaci\u00f3n y relaciones.<\/span><\/li>\n<li style=\"font-weight: 400;\" aria-level=\"1\"><span style=\"font-weight: 400;\">En algunas p\u00e1ginas se ha utilizado el color como \u00fanico medio visual para transmitir informaci\u00f3n, indicar una acci\u00f3n, provocar una respuesta o distinguir un elemento visual [requisito n\u00famero 9.1.4.1 de la norma UNE-EN 301549:2019 uso del color]<\/span><\/li>\n<li style=\"font-weight: 400;\" aria-level=\"1\"><span style=\"font-weight: 400;\">En algunas p\u00e1ginas puede haber atributos e identificadores duplicados [requisito n\u00famero 9.4.1.1 de la norma UNE-EN 301549:2019 procesamiento]<\/span><\/li>\n<li style=\"font-weight: 400;\" aria-level=\"1\"><span style=\"font-weight: 400;\">En algunas p\u00e1ginas los componentes de interfaz de usuario como elementos de formulario, enlaces y componentes generados por script no siguen la estructura recomendada por las pautas de accesibilidad [requisito n\u00famero 9.4.1.2 de la norma UNE-EN 301549:2019 Nombre, funci\u00f3n, valor]<\/span><\/li>\n<li style=\"font-weight: 400;\" aria-level=\"1\"><span style=\"font-weight: 400;\">En algunos formularios el campo de entrada que recopila informaci\u00f3n sobre el usuario no tiene identificado el prop\u00f3sito [requisito n\u00famero 9.1.3.5 de la norma UNE-EN 301549:2019 identificaci\u00f3n del prop\u00f3sito de entrada]<\/span><\/li>\n<li style=\"font-weight: 400;\" aria-level=\"1\"><span style=\"font-weight: 400;\">En algunas p\u00e1ginas la relaci\u00f3n de contraste en texto o im\u00e1genes podr\u00eda no ser de al menos 4.5:1 [requisito n\u00famero 9.1.4.3 de la norma UNE-EN 301549:2019 contraste m\u00ednimo]<\/span><\/li>\n<li style=\"font-weight: 400;\" aria-level=\"1\"><span style=\"font-weight: 400;\">En algunas p\u00e1ginas el contraste de los componentes de interfaz de usuario y de objetos gr\u00e1ficos podr\u00eda no llegar al 3:1 con los colores adyacentes [requisito n\u00famero 9.1.4.11 de la norma UNE-EN 301549:2019 contraste no textual]<\/span><\/li>\n<li style=\"font-weight: 400;\" aria-level=\"1\"><span style=\"font-weight: 400;\">De manera puntual podr\u00eda existir alg\u00fan error de entrada en alg\u00fan campo\/formulario\u00a0 del que no se notificase al usuario la sugerencia para solucionarlo\u00a0 [requisito n\u00famero 9.3.3.3 de la norma UNE-EN 301549:2019 Sugerencia ante errores]<\/span><\/li>\n<li style=\"font-weight: 400;\" aria-level=\"1\"><span style=\"font-weight: 400;\">En algunas p\u00e1ginas los mensajes de estado podr\u00edan no estar determinados mediante programaci\u00f3n a trav\u00e9s de funciones o propiedades [requisito n\u00famero 9.4.1.3 de la norma UNE-EN 301549:2019 mensajes de estado]<\/span><\/li>\n<\/ol>\n<p><span style=\"font-weight: 400;\">Carga desproporcionada No aplica El contenido no entra dentro del \u00e1mbito de la legislaci\u00f3n aplicable<\/span><\/p>\n<ol>\n<li style=\"font-weight: 400;\" aria-level=\"1\"><span style=\"font-weight: 400;\">Podr\u00edan existir archivos ofim\u00e1ticos en PDF o otros formatos publicados antes del 20 de septiembre de 2018 que no cumplen \u00edntegramente todos los requisitos de accesibilidad.<\/span><\/li>\n<\/ol>\n<p><span style=\"font-weight: 400;\">Observaciones y datos de contacto Se pueden realizar comunicaciones sobre requisitos de accesibilidad (art\u00edculo 10.2.a del Real Decreto 1112\/2018, de 7 de septiembre), a trav\u00e9s del formulario de contacto, por ejemplo:<\/span><\/p>\n<ul>\n<li style=\"font-weight: 400;\" aria-level=\"1\"><span style=\"font-weight: 400;\">Informar sobre cualquier posible incumplimiento por parte de este sitio web<\/span><\/li>\n<li style=\"font-weight: 400;\" aria-level=\"1\"><span style=\"font-weight: 400;\">Transmitir otras dificultades de acceso al contenido<\/span><\/li>\n<li style=\"font-weight: 400;\" aria-level=\"1\"><span style=\"font-weight: 400;\">Formular cualquier otra consulta o sugerencia de mejora relativa a la accesibilidad del sitio web.<\/span><\/li>\n<\/ul>\n<p><span style=\"font-weight: 400;\">Las comunicaciones ser\u00e1n recibidas y tratadas por la Unidad Responsable de Accesibilidad.<\/span><\/p>\n<p>[\/et_pb_text][\/et_pb_column][\/et_pb_row][\/et_pb_section]<\/p>","protected":false},"excerpt":{"rendered":"<p>AccesibilidadEl propietario del sitio web se ha comprometido en hacer accesible su sitio web de conformidad con el Real Decreto 1112\/2018, de 7 de septiembre, sobre accesibilidad de los sitios web y aplicaciones para dispositivos m\u00f3viles del sector p\u00fablico (en adelante, Real Decreto 1112\/2018, de 7 de septiembre), por el que se traspone la Directiva [&hellip;]<\/p>","protected":false},"author":1,"featured_media":0,"parent":0,"menu_order":0,"comment_status":"closed","ping_status":"closed","template":"","meta":{"_et_pb_use_builder":"on","_et_pb_old_content":"","_et_gb_content_width":"","footnotes":""},"class_list":["post-328","page","type-page","status-publish","hentry"],"yoast_head":"<!-- This site is optimized with the Yoast SEO plugin v24.2 - https:\/\/yoast.com\/wordpress\/plugins\/seo\/ -->\n<title>Accesibilidad - CIBERBROK | Seguros de Ciberriesgos<\/title>\n<meta name=\"robots\" content=\"index, follow, max-snippet:-1, max-image-preview:large, max-video-preview:-1\" \/>\n<link rel=\"canonical\" href=\"https:\/\/ciberbrok.com\/en\/accesibilidad\/\" \/>\n<meta property=\"og:locale\" content=\"en_US\" \/>\n<meta property=\"og:type\" content=\"article\" \/>\n<meta property=\"og:title\" content=\"Accesibilidad - CIBERBROK | Seguros de Ciberriesgos\" \/>\n<meta property=\"og:description\" content=\"AccesibilidadEl propietario del sitio web se ha comprometido en hacer accesible su sitio web de conformidad con el Real Decreto 1112\/2018, de 7 de septiembre, sobre accesibilidad de los sitios web y aplicaciones para dispositivos m\u00f3viles del sector p\u00fablico (en adelante, Real Decreto 1112\/2018, de 7 de septiembre), por el que se traspone la Directiva [&hellip;]\" \/>\n<meta property=\"og:url\" content=\"https:\/\/ciberbrok.com\/en\/accesibilidad\/\" \/>\n<meta property=\"og:site_name\" content=\"CIBERBROK | Seguros de Ciberriesgos\" \/>\n<meta property=\"article:modified_time\" content=\"2024-07-01T17:08:46+00:00\" \/>\n<meta name=\"twitter:card\" content=\"summary_large_image\" \/>\n<script type=\"application\/ld+json\" class=\"yoast-schema-graph\">{\"@context\":\"https:\/\/schema.org\",\"@graph\":[{\"@type\":\"WebPage\",\"@id\":\"https:\/\/ciberbrok.com\/accesibilidad\",\"url\":\"https:\/\/ciberbrok.com\/accesibilidad\",\"name\":\"Accesibilidad - CIBERBROK | Seguros de Ciberriesgos\",\"isPartOf\":{\"@id\":\"https:\/\/ciberbrok.com\/#website\"},\"datePublished\":\"2024-07-01T17:07:19+00:00\",\"dateModified\":\"2024-07-01T17:08:46+00:00\",\"breadcrumb\":{\"@id\":\"https:\/\/ciberbrok.com\/accesibilidad#breadcrumb\"},\"inLanguage\":\"en-US\",\"potentialAction\":[{\"@type\":\"ReadAction\",\"target\":[\"https:\/\/ciberbrok.com\/accesibilidad\"]}]},{\"@type\":\"BreadcrumbList\",\"@id\":\"https:\/\/ciberbrok.com\/accesibilidad#breadcrumb\",\"itemListElement\":[{\"@type\":\"ListItem\",\"position\":1,\"name\":\"Portada\",\"item\":\"https:\/\/ciberbrok.com\/\"},{\"@type\":\"ListItem\",\"position\":2,\"name\":\"Accesibilidad\"}]},{\"@type\":\"WebSite\",\"@id\":\"https:\/\/ciberbrok.com\/#website\",\"url\":\"https:\/\/ciberbrok.com\/\",\"name\":\"ciberbrok\",\"description\":\"Expertos en Seguros de Ciberriesgos. Protege tu negocio frente a las perdidas producidas por un ataque inform\u00e1tico.\",\"publisher\":{\"@id\":\"https:\/\/ciberbrok.com\/#organization\"},\"potentialAction\":[{\"@type\":\"SearchAction\",\"target\":{\"@type\":\"EntryPoint\",\"urlTemplate\":\"https:\/\/ciberbrok.com\/?s={search_term_string}\"},\"query-input\":{\"@type\":\"PropertyValueSpecification\",\"valueRequired\":true,\"valueName\":\"search_term_string\"}}],\"inLanguage\":\"en-US\"},{\"@type\":\"Organization\",\"@id\":\"https:\/\/ciberbrok.com\/#organization\",\"name\":\"ciberbrok\",\"url\":\"https:\/\/ciberbrok.com\/\",\"logo\":{\"@type\":\"ImageObject\",\"inLanguage\":\"en-US\",\"@id\":\"https:\/\/ciberbrok.com\/#\/schema\/logo\/image\/\",\"url\":\"https:\/\/ciberbrok.com\/wp-content\/uploads\/2024\/06\/logo_azul.png\",\"contentUrl\":\"https:\/\/ciberbrok.com\/wp-content\/uploads\/2024\/06\/logo_azul.png\",\"width\":2021,\"height\":459,\"caption\":\"ciberbrok\"},\"image\":{\"@id\":\"https:\/\/ciberbrok.com\/#\/schema\/logo\/image\/\"}}]}<\/script>\n<!-- \/ Yoast SEO plugin. -->","yoast_head_json":{"title":"Accesibilidad - CIBERBROK | Seguros de Ciberriesgos","robots":{"index":"index","follow":"follow","max-snippet":"max-snippet:-1","max-image-preview":"max-image-preview:large","max-video-preview":"max-video-preview:-1"},"canonical":"https:\/\/ciberbrok.com\/en\/accesibilidad\/","og_locale":"en_US","og_type":"article","og_title":"Accesibilidad - CIBERBROK | Seguros de Ciberriesgos","og_description":"AccesibilidadEl propietario del sitio web se ha comprometido en hacer accesible su sitio web de conformidad con el Real Decreto 1112\/2018, de 7 de septiembre, sobre accesibilidad de los sitios web y aplicaciones para dispositivos m\u00f3viles del sector p\u00fablico (en adelante, Real Decreto 1112\/2018, de 7 de septiembre), por el que se traspone la Directiva [&hellip;]","og_url":"https:\/\/ciberbrok.com\/en\/accesibilidad\/","og_site_name":"CIBERBROK | Seguros de Ciberriesgos","article_modified_time":"2024-07-01T17:08:46+00:00","twitter_card":"summary_large_image","schema":{"@context":"https:\/\/schema.org","@graph":[{"@type":"WebPage","@id":"https:\/\/ciberbrok.com\/accesibilidad","url":"https:\/\/ciberbrok.com\/accesibilidad","name":"Accesibilidad - CIBERBROK | Seguros de Ciberriesgos","isPartOf":{"@id":"https:\/\/ciberbrok.com\/#website"},"datePublished":"2024-07-01T17:07:19+00:00","dateModified":"2024-07-01T17:08:46+00:00","breadcrumb":{"@id":"https:\/\/ciberbrok.com\/accesibilidad#breadcrumb"},"inLanguage":"en-US","potentialAction":[{"@type":"ReadAction","target":["https:\/\/ciberbrok.com\/accesibilidad"]}]},{"@type":"BreadcrumbList","@id":"https:\/\/ciberbrok.com\/accesibilidad#breadcrumb","itemListElement":[{"@type":"ListItem","position":1,"name":"Portada","item":"https:\/\/ciberbrok.com\/"},{"@type":"ListItem","position":2,"name":"Accesibilidad"}]},{"@type":"WebSite","@id":"https:\/\/ciberbrok.com\/#website","url":"https:\/\/ciberbrok.com\/","name":"ciberbrok","description":"Expertos en Seguros de Ciberriesgos. Protege tu negocio frente a las perdidas producidas por un ataque inform\u00e1tico.","publisher":{"@id":"https:\/\/ciberbrok.com\/#organization"},"potentialAction":[{"@type":"SearchAction","target":{"@type":"EntryPoint","urlTemplate":"https:\/\/ciberbrok.com\/?s={search_term_string}"},"query-input":{"@type":"PropertyValueSpecification","valueRequired":true,"valueName":"search_term_string"}}],"inLanguage":"en-US"},{"@type":"Organization","@id":"https:\/\/ciberbrok.com\/#organization","name":"ciberbrok","url":"https:\/\/ciberbrok.com\/","logo":{"@type":"ImageObject","inLanguage":"en-US","@id":"https:\/\/ciberbrok.com\/#\/schema\/logo\/image\/","url":"https:\/\/ciberbrok.com\/wp-content\/uploads\/2024\/06\/logo_azul.png","contentUrl":"https:\/\/ciberbrok.com\/wp-content\/uploads\/2024\/06\/logo_azul.png","width":2021,"height":459,"caption":"ciberbrok"},"image":{"@id":"https:\/\/ciberbrok.com\/#\/schema\/logo\/image\/"}}]}},"_links":{"self":[{"href":"https:\/\/ciberbrok.com\/en\/wp-json\/wp\/v2\/pages\/328","targetHints":{"allow":["GET"]}}],"collection":[{"href":"https:\/\/ciberbrok.com\/en\/wp-json\/wp\/v2\/pages"}],"about":[{"href":"https:\/\/ciberbrok.com\/en\/wp-json\/wp\/v2\/types\/page"}],"author":[{"embeddable":true,"href":"https:\/\/ciberbrok.com\/en\/wp-json\/wp\/v2\/users\/1"}],"replies":[{"embeddable":true,"href":"https:\/\/ciberbrok.com\/en\/wp-json\/wp\/v2\/comments?post=328"}],"version-history":[{"count":3,"href":"https:\/\/ciberbrok.com\/en\/wp-json\/wp\/v2\/pages\/328\/revisions"}],"predecessor-version":[{"id":331,"href":"https:\/\/ciberbrok.com\/en\/wp-json\/wp\/v2\/pages\/328\/revisions\/331"}],"wp:attachment":[{"href":"https:\/\/ciberbrok.com\/en\/wp-json\/wp\/v2\/media?parent=328"}],"curies":[{"name":"wp","href":"https:\/\/api.w.org\/{rel}","templated":true}]}}