{"id":211,"date":"2024-06-23T13:26:29","date_gmt":"2024-06-23T13:26:29","guid":{"rendered":"https:\/\/ciberbrok.com\/?page_id=211"},"modified":"2024-06-23T13:26:29","modified_gmt":"2024-06-23T13:26:29","slug":"politica-de-privacidad","status":"publish","type":"page","link":"https:\/\/ciberbrok.com\/en\/politica-de-privacidad","title":{"rendered":"Pol\u00edtica de privacidad"},"content":{"rendered":"<p>[et_pb_section fb_built=\u00bb1&#8243; theme_builder_area=\u00bbpost_content\u00bb _builder_version=\u00bb4.25.2&#8243; _module_preset=\u00bbdefault\u00bb global_colors_info=\u00bb{%22gcid-primary-color%22:%91%22background_color%22%93}\u00bb background_color=\u00bbgcid-primary-color\u00bb hover_enabled=\u00bb0&#8243; sticky_enabled=\u00bb0&#8243; locked=\u00bboff\u00bb][et_pb_row _builder_version=\u00bb4.25.2&#8243; _module_preset=\u00bbdefault\u00bb theme_builder_area=\u00bbpost_content\u00bb][et_pb_column _builder_version=\u00bb4.25.2&#8243; _module_preset=\u00bbdefault\u00bb type=\u00bb4_4&#8243; theme_builder_area=\u00bbpost_content\u00bb][et_pb_text _builder_version=\u00bb4.25.2&#8243; _module_preset=\u00bbdefault\u00bb theme_builder_area=\u00bbpost_content\u00bb hover_enabled=\u00bb0&#8243; sticky_enabled=\u00bb0&#8243; text_font=\u00bb|700|||||||\u00bb text_text_color=\u00bb#FFFFFF\u00bb text_font_size_last_edited=\u00bbon|phone\u00bb text_font_size=\u00bb30px\u00bb text_font_size_tablet=\u00bb30px\u00bb text_font_size_phone=\u00bb30px\u00bb]<\/p>\n<p>Pol\u00edtica de privacidad<\/p>\n<p>[\/et_pb_text][\/et_pb_column][\/et_pb_row][\/et_pb_section][et_pb_section fb_built=\u00bb1&#8243; theme_builder_area=\u00bbpost_content\u00bb _builder_version=\u00bb4.25.2&#8243; _module_preset=\u00bbdefault\u00bb][et_pb_row _builder_version=\u00bb4.25.2&#8243; _module_preset=\u00bbdefault\u00bb theme_builder_area=\u00bbpost_content\u00bb][et_pb_column _builder_version=\u00bb4.25.2&#8243; _module_preset=\u00bbdefault\u00bb type=\u00bb4_4&#8243; theme_builder_area=\u00bbpost_content\u00bb][et_pb_text _builder_version=\u00bb4.25.2&#8243; _module_preset=\u00bbdefault\u00bb theme_builder_area=\u00bbpost_content\u00bb hover_enabled=\u00bb0&#8243; sticky_enabled=\u00bb0&#8243;]<\/p>\n<p><strong>INFORMACI\u00d3N ADICIONAL SOBRE NUESTRA POL\u00cdTICA DE PROTECCI\u00d3N DE DATOS<\/strong><\/p>\n<p>Cuestiones comunes para todas las actividades de tratamiento: \u00bfQui\u00e9n se responsabiliza del tratamiento de tus datos?<\/p>\n<p><strong>Responsable de los datos:<\/strong>\u00a0 JOS\u00c9 RAM\u00d3N NAVARRO CANO<\/p>\n<p><strong>N\u00famero de documento:<\/strong>\u00a0 26239529W<\/p>\n<p><strong>Direcci\u00f3n fiscal:<\/strong>\u00a0 Calle BA\u00d1OS, 35, LOCAL 2, CP 23700 LINARES, Ja\u00e9n<\/p>\n<p><strong>Tel\u00e9fono:<\/strong>\u00a0 953600645<\/p>\n<p><strong>Correo electr\u00f3nico:<\/strong><span>\u00a0<\/span>jrnavarro@ciberbrok.com<\/p>\n<p><strong>\u00bfCu\u00e1les son tus derechos cuando nos facilitas tus datos?<span>\u00a0<\/span><\/strong>Cualquier persona tiene derecho a obtener confirmaci\u00f3n sobre si estamos tratando datos personales que les conciernen o no. En este sentido, tienes derecho a solicitar:<\/p>\n<p><strong>Acceso:<\/strong><span>\u00a0<\/span>La persona que nos facilita sus datos tendr\u00e1 derecho a obtener del responsable<span><br \/><\/span>del tratamiento confirmaci\u00f3n de si se est\u00e1n tratando o no los datos que le concierne, as\u00ed<span><br \/><\/span>como informaci\u00f3n detallada acerca de determinados aspectos del tratamiento que se est\u00e9<span><br \/><\/span>llevando a cabo.<\/p>\n<p><strong>Rectificaci\u00f3n:<\/strong><span>\u00a0<\/span>La persona que nos facilita sus datos tendr\u00e1 derecho a obtener la<\/p>\n<p>rectificaci\u00f3n de los datos personales inexactos que le conciernen o a que se completen aquellos que fueran incompletos.<\/p>\n<p><strong>Supresi\u00f3n:<\/strong><span>\u00a0<\/span>La persona que nos facilita sus datos tendr\u00e1 derecho a solicitar la supresi\u00f3n de sus datos personales; en todo caso la supresi\u00f3n estar\u00e1 sujeta a los l\u00edmites establecidos en la norma reguladora.<\/p>\n<p><strong>Limitaci\u00f3n de su tratamiento:<\/strong><span>\u00a0<\/span>La persona que nos facilita sus datos tendr\u00e1 derecho a solicitar la limitaci\u00f3n del tratamiento de sus datos de car\u00e1cter personal.<\/p>\n<p><strong>Oposici\u00f3n al tratamiento:<\/strong><span>\u00a0<\/span>En determinadas circunstancias, y por motivos relacionados con su situaci\u00f3n particular, las personas que nos facilitan sus datos podr\u00e1n oponerse al tratamiento de los mismos. La entidad dejar\u00e1 de tratarlos, salvo por motivos leg\u00edtimos, imperiosos, o el ejercicio o la defensa de posibles reclamaciones.<\/p>\n<p><strong>Derecho a la portabilidad de sus datos:<\/strong><span>\u00a0<\/span>La persona que nos facilita sus datos tendr\u00e1 derecho a recibir los datos personales que le incumban, aquellos que haya facilitado a la persona responsable del tratamiento, en un formato estructurado, de uso com\u00fan y de lectura mec\u00e1nica, as\u00ed como a transmitirlos a cualquiera otra persona que pueda ser responsable del tratamiento.<\/p>\n<p><strong>Puede ejercer los referidos derechos dirigi\u00e9ndose a la persona responsable.<\/strong><span>\u00a0<\/span>Para ello, puede utilizarlos datos de contacto facilitados al inicio del presente documento. Si desea obtener informaci\u00f3n adicional respecto al ejercicio de sus derechos, tambi\u00e9n puede dirigirse a la Agencia Espa\u00f1ola de<span><br \/><\/span>Protecci\u00f3n de Datos (AEPD). Asimismo, le informamos que, y si lo cree oportuno, tiene el derecho a retirar en cualquier momento el consentimiento otorgado para alguna finalidad espec\u00edfica, sin que ello afecte a la licitud del tratamiento, basado en el consentimiento previo a su retirada.<span><br \/><\/span>En el caso de que entienda que no se han atendido adecuadamente sus derechos, puede presentar una reclamaci\u00f3n ante la Agencia Espa\u00f1ola de Protecci\u00f3n de Datos (C\/ Jorge Juan, 6 \u2013 28001 Madrid o en<span>\u00a0<\/span><strong><a href=\"http:\/\/www.agpd.es\/\">www.agpd.es<\/a><\/strong>).<\/p>\n<p><span><strong>Cuestiones espec\u00edficas para cada actividad de tratamiento:<\/strong><\/span><\/p>\n<p><span><strong>TRATAMIENTO DE BRECHAS DE SEGURIDAD<\/strong><\/span><\/p>\n<p><strong>\u00bfCon qu\u00e9 finalidad tratamos tus datos personales?<\/strong><span>\u00a0<\/span>La gesti\u00f3n y notificaci\u00f3n de brechas de seguridad<\/p>\n<p><strong>\u00bfDurante cu\u00e1nto tiempo trataremos sus datos?<\/strong><span>\u00a0<\/span>Se conservar\u00e1n durante el tiempo necesario para cumplir con la finalidad para la que se recabaron y<span><br \/><\/span>para determinar las posibles responsabilidades que se pudieran derivar de dicha finalidad y del tratamiento de los datos. Una vez pasado dicho tiempo ser\u00e1n cancelados \/ suprimidos de oficio.<\/p>\n<p><strong>\u00bfPor qu\u00e9 tratamos tus datos?<\/strong><span>\u00a0<\/span>Obligaci\u00f3n legal.<\/p>\n<p><strong>\u00bfA qu\u00e9 personas se comunicar\u00e1n tus datos?<\/strong><span>\u00a0<\/span>Otros \u00f3rganos de la administraci\u00f3n p\u00fablica.<\/p>\n<p><span><strong>TRATAMIENTO DE CONTACTOS<\/strong><\/span><\/p>\n<p><strong>\u00bfCon qu\u00e9 finalidad tratamos tus datos personales?<\/strong><span>\u00a0<\/span>Gestionar y dar respuesta a solicitudes de informaci\u00f3n y presupuesto, as\u00ed como mantener contacto con fines profesionales o empresariales con las personas f\u00edsicas, incluidas las que representan a personas jur\u00eddicas, con las que la entidad mantiene relaci\u00f3n.<\/p>\n<p><strong>\u00bfDurante cu\u00e1nto tiempo trataremos sus datos?<\/strong><span>\u00a0<\/span>Se conservar\u00e1n durante el tiempo necesario para cumplir con la finalidad para la que se recabaron y<span><br \/><\/span>para determinar las posibles responsabilidades que se pudieran derivar de dicha finalidad y del tratamiento de los datos. Una vez pasado dicho tiempo ser\u00e1n cancelados \/ suprimidos de oficio.<\/p>\n<p><strong>\u00bfPor qu\u00e9 tratamos tus datos?<\/strong><span>\u00a0<\/span>Inter\u00e9s leg\u00edtimo.<\/p>\n<p><strong>\u00bfA qu\u00e9 personas se comunicar\u00e1n tus datos?<\/strong><span>\u00a0<\/span>No se ceden datos a terceros, salvo obligaciones legales.\u00a0<\/p>\n<p><span><strong>TRATAMIENTO DE EJERCICIO DE LOS DERECHOS<\/strong><\/span><span><br \/><\/span><\/p>\n<p><strong>\u00bfCon qu\u00e9 finalidad tratamos tus datos personales?<\/strong><span>\u00a0<\/span>Gesti\u00f3n del ejercicio de los derechos contemplados en la legislaci\u00f3n de protecci\u00f3n de datos y de las hojas de reclamaciones<\/p>\n<p><strong>\u00bfDurante cu\u00e1nto tiempo trataremos sus datos?<\/strong><span>\u00a0<\/span>Se conservar\u00e1n durante el tiempo necesario para resolver las reclamaciones.<\/p>\n<p><strong>\u00bfPor qu\u00e9 tratamos tus datos?<span>\u00a0<\/span><\/strong>Obligaci\u00f3n legal.<\/p>\n<p><strong>\u00bfA qu\u00e9 personas se comunicar\u00e1n tus datos?<\/strong><span>\u00a0<\/span>Otros \u00f3rganos de la administraci\u00f3n p\u00fablica.<\/p>\n<p><span><strong>TRATAMIENTO DE PRESTACI\u00d3N DEL SERVICIO SECTOR SEGUROS<\/strong><\/span><\/p>\n<p><strong>\u00bfCon qu\u00e9 finalidad tratamos tus datos personales?<\/strong><span>\u00a0<\/span>Prestaci\u00f3n propia de nuestra actividad en el sector asegurador, cotizaci\u00f3n de primas, suscripci\u00f3n de p\u00f3lizas, tramitaci\u00f3n de siniestros, asesoramiento al cliente en relaci\u00f3n a las coberturas contratadas, cobros y pagos, as\u00ed como todas las gestiones propias del sector asegurador.<\/p>\n<p><strong>\u00bfDurante cu\u00e1nto tiempo trataremos sus datos?<\/strong><span>\u00a0<\/span>Se conservar\u00e1n durante el tiempo necesario para cumplir con la finalidad para la que se recabaron y<span><br \/><\/span>para determinar las posibles responsabilidades que se pudieran derivar de dicha finalidad y del tratamiento de los datos. Una vez pasado dicho tiempo ser\u00e1n cancelados \/ suprimidos de oficio.<\/p>\n<p><strong>\u00bfPor qu\u00e9 tratamos tus datos?<\/strong><span>\u00a0<\/span>Ejecuci\u00f3n de un contrato.<\/p>\n<p><strong>\u00bfA qu\u00e9 personas se comunicar\u00e1n tus datos?<\/strong><span>\u00a0<\/span>Administraci\u00f3n tributaria, Bancos, cajas de ahorro y cajas rurales, Entidades aseguradoras, Otros \u00f3rganos de la administraci\u00f3n p\u00fablica.<\/p>\n<p><span><strong>TRATAMIENTO DE PREVENCI\u00d3N DE BLANQUEO DE CAPITALES<\/strong><\/span><\/p>\n<p><strong>\u00bfCon qu\u00e9 finalidad tratamos tus datos personales?<\/strong><span>\u00a0<\/span>Posibilitar el cumplimiento de la ley de Prevenci\u00f3n de Blanqueo de Capitales y Financiaci\u00f3n del Terrorismo en relaci\u00f3n a indicios o sospechas de blanqueo que se puedan conocer en el ejercicio de nuestra actividad<\/p>\n<p><strong>\u00bfDurante cu\u00e1nto tiempo trataremos sus datos?<\/strong><span>\u00a0<\/span><span><\/span>Se conservar\u00e1n durante el tiempo necesario para cumplir con la finalidad para la que se recabaron y para determinar las posibles responsabilidades que se pudieran derivar de dicha finalidad y del tratamiento de los datos. Una vez pasado dicho tiempo ser\u00e1n cancelados \/ suprimidos de oficio.<\/p>\n<p><strong>\u00bfPor qu\u00e9 tratamos tus datos?<\/strong><span>\u00a0<\/span>Obligaci\u00f3n legal.<\/p>\n<p><strong>\u00bfA qu\u00e9 personas se comunicar\u00e1n tus datos?<\/strong><span>\u00a0<\/span>Otros \u00f3rganos de la administraci\u00f3n p\u00fablica, Registros p\u00fablicos.<\/p>\n<p><span><strong>TRATAMIENTO DE PROVEEDORES<\/strong><\/span><\/p>\n<p><strong>\u00bfCon qu\u00e9 finalidad tratamos tus datos personales?<\/strong><span>\u00a0<\/span>Gesti\u00f3n de la relaci\u00f3n comercial con proveedores.<\/p>\n<p><strong>\u00bfDurante cu\u00e1nto tiempo trataremos sus datos?<\/strong><span>\u00a0<\/span>Se conservar\u00e1n durante el tiempo necesario para cumplir con la finalidad para la que se recabaron y<span><br \/><\/span>para determinar las posibles responsabilidades que se pudieran derivar de dicha finalidad y del tratamiento de los datos. Una vez pasado dicho tiempo ser\u00e1n cancelados \/ suprimidos de oficio.<\/p>\n<p><strong>\u00bfPor qu\u00e9 tratamos tus datos?<\/strong><span>\u00a0<\/span>Ejecuci\u00f3n de un contrato.<\/p>\n<p><strong>\u00bfA qu\u00e9 personas se comunicar\u00e1n tus datos?<\/strong><span>\u00a0<\/span>Administraci\u00f3n tributaria, Bancos, cajas de ahorro y cajas rurales.<\/p>\n<p>&nbsp;<\/p>\n<p>Adem\u00e1s, sobre este tratamiento existen los siguientes<span>\u00a0<\/span><strong>Encargados<\/strong>:<\/p>\n<p>Raz\u00f3n social\u00a0\u00a0\u00a0\u00a0\u00a0\u00a0\u00a0\u00a0\u00a0\u00a0\u00a0\u00a0\u00a0\u00a0\u00a0\u00a0\u00a0\u00a0\u00a0\u00a0\u00a0\u00a0\u00a0\u00a0\u00a0 FRANCISCA MARTINEZ GARCIA<\/p>\n<p>N\u00famero de documento\u00a0 \u00a0 \u00a026205843B<\/p>\n<p>Direcci\u00f3n fiscal\u00a0 \u00a0 \u00a0 \u00a0 \u00a0 \u00a0 \u00a0 \u00a0 \u00a0 \u00a0 \u00a0Calle ARGUELLES, 9, CP 23700 LINARES, Jaen<\/p>\n<p>Actividad\u00a0\u00a0\u00a0\u00a0\u00a0\u00a0\u00a0\u00a0\u00a0\u00a0\u00a0\u00a0\u00a0\u00a0\u00a0\u00a0\u00a0\u00a0\u00a0\u00a0\u00a0\u00a0\u00a0\u00a0\u00a0\u00a0\u00a0\u00a0\u00a0\u00a0\u00a0 ASESOR\u00cdA FISCAL, CONTABILIDAD Y AUDITORIA<\/p>\n<p>&nbsp;<\/p>\n<p><span><strong>TRATAMIENTO DE SELECCI\u00d3N DE PERSONAL<\/strong><\/span><\/p>\n<p><strong>\u00bfCon qu\u00e9 finalidad tratamos tus datos personales?<\/strong><span>\u00a0<\/span>Gesti\u00f3n de la relaci\u00f3n con los candidatos a un empleo en la entidad, gesti\u00f3n de curriculum y participaci\u00f3n en los procesos de selecci\u00f3n para vacantes.<\/p>\n<p><strong>\u00bfDurante cu\u00e1nto tiempo trataremos sus datos?<\/strong><span>\u00a0<\/span>Se conservar\u00e1n durante el tiempo necesario para cumplir con la finalidad para la que se recabaron y<span><br \/><\/span>para determinar las posibles responsabilidades que se pudieran derivar de dicha finalidad y del tratamiento de los datos. Una vez pasado dicho tiempo ser\u00e1n cancelados \/ suprimidos de oficio.<\/p>\n<p><strong>\u00bfPor qu\u00e9 tratamos tus datos?<\/strong><span>\u00a0<\/span>Consentimiento y firma de la persona.<\/p>\n<p><strong>\u00bfA qu\u00e9 personas se comunicar\u00e1n tus datos?<\/strong><span>\u00a0<\/span>No se ceden datos a terceros, salvo obligaciones legales.<\/p>\n<p>[\/et_pb_text][\/et_pb_column][\/et_pb_row][\/et_pb_section]<\/p>","protected":false},"excerpt":{"rendered":"<p>Pol\u00edtica de privacidadINFORMACI\u00d3N ADICIONAL SOBRE NUESTRA POL\u00cdTICA DE PROTECCI\u00d3N DE DATOS Cuestiones comunes para todas las actividades de tratamiento: \u00bfQui\u00e9n se responsabiliza del tratamiento de tus datos? Responsable de los datos:\u00a0 JOS\u00c9 RAM\u00d3N NAVARRO CANO N\u00famero de documento:\u00a0 26239529W Direcci\u00f3n fiscal:\u00a0 Calle BA\u00d1OS, 35, LOCAL 2, CP 23700 LINARES, Ja\u00e9n Tel\u00e9fono:\u00a0 953600645 Correo electr\u00f3nico:\u00a0jrnavarro@ciberbrok.com \u00bfCu\u00e1les [&hellip;]<\/p>","protected":false},"author":1,"featured_media":0,"parent":0,"menu_order":0,"comment_status":"closed","ping_status":"closed","template":"","meta":{"_et_pb_use_builder":"on","_et_pb_old_content":"","_et_gb_content_width":"","footnotes":""},"class_list":["post-211","page","type-page","status-publish","hentry"],"yoast_head":"<!-- This site is optimized with the Yoast SEO plugin v24.2 - https:\/\/yoast.com\/wordpress\/plugins\/seo\/ -->\n<title>Pol\u00edtica de privacidad - CIBERBROK | Seguros de Ciberriesgos<\/title>\n<meta name=\"robots\" content=\"index, follow, max-snippet:-1, max-image-preview:large, max-video-preview:-1\" \/>\n<link rel=\"canonical\" href=\"https:\/\/ciberbrok.com\/en\/politica-de-privacidad\/\" \/>\n<meta property=\"og:locale\" content=\"en_US\" \/>\n<meta property=\"og:type\" content=\"article\" \/>\n<meta property=\"og:title\" content=\"Pol\u00edtica de privacidad - CIBERBROK | Seguros de Ciberriesgos\" \/>\n<meta property=\"og:description\" content=\"Pol\u00edtica de privacidadINFORMACI\u00d3N ADICIONAL SOBRE NUESTRA POL\u00cdTICA DE PROTECCI\u00d3N DE DATOS Cuestiones comunes para todas las actividades de tratamiento: \u00bfQui\u00e9n se responsabiliza del tratamiento de tus datos? Responsable de los datos:\u00a0 JOS\u00c9 RAM\u00d3N NAVARRO CANO N\u00famero de documento:\u00a0 26239529W Direcci\u00f3n fiscal:\u00a0 Calle BA\u00d1OS, 35, LOCAL 2, CP 23700 LINARES, Ja\u00e9n Tel\u00e9fono:\u00a0 953600645 Correo electr\u00f3nico:\u00a0jrnavarro@ciberbrok.com \u00bfCu\u00e1les [&hellip;]\" \/>\n<meta property=\"og:url\" content=\"https:\/\/ciberbrok.com\/en\/politica-de-privacidad\/\" \/>\n<meta property=\"og:site_name\" content=\"CIBERBROK | Seguros de Ciberriesgos\" \/>\n<meta name=\"twitter:card\" content=\"summary_large_image\" \/>\n<meta name=\"twitter:label1\" content=\"Est. reading time\" \/>\n\t<meta name=\"twitter:data1\" content=\"8 minutes\" \/>\n<script type=\"application\/ld+json\" class=\"yoast-schema-graph\">{\"@context\":\"https:\/\/schema.org\",\"@graph\":[{\"@type\":\"WebPage\",\"@id\":\"https:\/\/ciberbrok.com\/politica-de-privacidad\",\"url\":\"https:\/\/ciberbrok.com\/politica-de-privacidad\",\"name\":\"Pol\u00edtica de privacidad - CIBERBROK | Seguros de Ciberriesgos\",\"isPartOf\":{\"@id\":\"https:\/\/ciberbrok.com\/#website\"},\"datePublished\":\"2024-06-23T13:26:29+00:00\",\"dateModified\":\"2024-06-23T13:26:29+00:00\",\"breadcrumb\":{\"@id\":\"https:\/\/ciberbrok.com\/politica-de-privacidad#breadcrumb\"},\"inLanguage\":\"en-US\",\"potentialAction\":[{\"@type\":\"ReadAction\",\"target\":[\"https:\/\/ciberbrok.com\/politica-de-privacidad\"]}]},{\"@type\":\"BreadcrumbList\",\"@id\":\"https:\/\/ciberbrok.com\/politica-de-privacidad#breadcrumb\",\"itemListElement\":[{\"@type\":\"ListItem\",\"position\":1,\"name\":\"Portada\",\"item\":\"https:\/\/ciberbrok.com\/\"},{\"@type\":\"ListItem\",\"position\":2,\"name\":\"Pol\u00edtica de privacidad\"}]},{\"@type\":\"WebSite\",\"@id\":\"https:\/\/ciberbrok.com\/#website\",\"url\":\"https:\/\/ciberbrok.com\/\",\"name\":\"ciberbrok\",\"description\":\"Expertos en Seguros de Ciberriesgos. Protege tu negocio frente a las perdidas producidas por un ataque inform\u00e1tico.\",\"publisher\":{\"@id\":\"https:\/\/ciberbrok.com\/#organization\"},\"potentialAction\":[{\"@type\":\"SearchAction\",\"target\":{\"@type\":\"EntryPoint\",\"urlTemplate\":\"https:\/\/ciberbrok.com\/?s={search_term_string}\"},\"query-input\":{\"@type\":\"PropertyValueSpecification\",\"valueRequired\":true,\"valueName\":\"search_term_string\"}}],\"inLanguage\":\"en-US\"},{\"@type\":\"Organization\",\"@id\":\"https:\/\/ciberbrok.com\/#organization\",\"name\":\"ciberbrok\",\"url\":\"https:\/\/ciberbrok.com\/\",\"logo\":{\"@type\":\"ImageObject\",\"inLanguage\":\"en-US\",\"@id\":\"https:\/\/ciberbrok.com\/#\/schema\/logo\/image\/\",\"url\":\"https:\/\/ciberbrok.com\/wp-content\/uploads\/2024\/06\/logo_azul.png\",\"contentUrl\":\"https:\/\/ciberbrok.com\/wp-content\/uploads\/2024\/06\/logo_azul.png\",\"width\":2021,\"height\":459,\"caption\":\"ciberbrok\"},\"image\":{\"@id\":\"https:\/\/ciberbrok.com\/#\/schema\/logo\/image\/\"}}]}<\/script>\n<!-- \/ Yoast SEO plugin. -->","yoast_head_json":{"title":"Pol\u00edtica de privacidad - CIBERBROK | Seguros de Ciberriesgos","robots":{"index":"index","follow":"follow","max-snippet":"max-snippet:-1","max-image-preview":"max-image-preview:large","max-video-preview":"max-video-preview:-1"},"canonical":"https:\/\/ciberbrok.com\/en\/politica-de-privacidad\/","og_locale":"en_US","og_type":"article","og_title":"Pol\u00edtica de privacidad - CIBERBROK | Seguros de Ciberriesgos","og_description":"Pol\u00edtica de privacidadINFORMACI\u00d3N ADICIONAL SOBRE NUESTRA POL\u00cdTICA DE PROTECCI\u00d3N DE DATOS Cuestiones comunes para todas las actividades de tratamiento: \u00bfQui\u00e9n se responsabiliza del tratamiento de tus datos? Responsable de los datos:\u00a0 JOS\u00c9 RAM\u00d3N NAVARRO CANO N\u00famero de documento:\u00a0 26239529W Direcci\u00f3n fiscal:\u00a0 Calle BA\u00d1OS, 35, LOCAL 2, CP 23700 LINARES, Ja\u00e9n Tel\u00e9fono:\u00a0 953600645 Correo electr\u00f3nico:\u00a0jrnavarro@ciberbrok.com \u00bfCu\u00e1les [&hellip;]","og_url":"https:\/\/ciberbrok.com\/en\/politica-de-privacidad\/","og_site_name":"CIBERBROK | Seguros de Ciberriesgos","twitter_card":"summary_large_image","twitter_misc":{"Est. reading time":"8 minutes"},"schema":{"@context":"https:\/\/schema.org","@graph":[{"@type":"WebPage","@id":"https:\/\/ciberbrok.com\/politica-de-privacidad","url":"https:\/\/ciberbrok.com\/politica-de-privacidad","name":"Pol\u00edtica de privacidad - CIBERBROK | Seguros de Ciberriesgos","isPartOf":{"@id":"https:\/\/ciberbrok.com\/#website"},"datePublished":"2024-06-23T13:26:29+00:00","dateModified":"2024-06-23T13:26:29+00:00","breadcrumb":{"@id":"https:\/\/ciberbrok.com\/politica-de-privacidad#breadcrumb"},"inLanguage":"en-US","potentialAction":[{"@type":"ReadAction","target":["https:\/\/ciberbrok.com\/politica-de-privacidad"]}]},{"@type":"BreadcrumbList","@id":"https:\/\/ciberbrok.com\/politica-de-privacidad#breadcrumb","itemListElement":[{"@type":"ListItem","position":1,"name":"Portada","item":"https:\/\/ciberbrok.com\/"},{"@type":"ListItem","position":2,"name":"Pol\u00edtica de privacidad"}]},{"@type":"WebSite","@id":"https:\/\/ciberbrok.com\/#website","url":"https:\/\/ciberbrok.com\/","name":"ciberbrok","description":"Expertos en Seguros de Ciberriesgos. Protege tu negocio frente a las perdidas producidas por un ataque inform\u00e1tico.","publisher":{"@id":"https:\/\/ciberbrok.com\/#organization"},"potentialAction":[{"@type":"SearchAction","target":{"@type":"EntryPoint","urlTemplate":"https:\/\/ciberbrok.com\/?s={search_term_string}"},"query-input":{"@type":"PropertyValueSpecification","valueRequired":true,"valueName":"search_term_string"}}],"inLanguage":"en-US"},{"@type":"Organization","@id":"https:\/\/ciberbrok.com\/#organization","name":"ciberbrok","url":"https:\/\/ciberbrok.com\/","logo":{"@type":"ImageObject","inLanguage":"en-US","@id":"https:\/\/ciberbrok.com\/#\/schema\/logo\/image\/","url":"https:\/\/ciberbrok.com\/wp-content\/uploads\/2024\/06\/logo_azul.png","contentUrl":"https:\/\/ciberbrok.com\/wp-content\/uploads\/2024\/06\/logo_azul.png","width":2021,"height":459,"caption":"ciberbrok"},"image":{"@id":"https:\/\/ciberbrok.com\/#\/schema\/logo\/image\/"}}]}},"_links":{"self":[{"href":"https:\/\/ciberbrok.com\/en\/wp-json\/wp\/v2\/pages\/211","targetHints":{"allow":["GET"]}}],"collection":[{"href":"https:\/\/ciberbrok.com\/en\/wp-json\/wp\/v2\/pages"}],"about":[{"href":"https:\/\/ciberbrok.com\/en\/wp-json\/wp\/v2\/types\/page"}],"author":[{"embeddable":true,"href":"https:\/\/ciberbrok.com\/en\/wp-json\/wp\/v2\/users\/1"}],"replies":[{"embeddable":true,"href":"https:\/\/ciberbrok.com\/en\/wp-json\/wp\/v2\/comments?post=211"}],"version-history":[{"count":2,"href":"https:\/\/ciberbrok.com\/en\/wp-json\/wp\/v2\/pages\/211\/revisions"}],"predecessor-version":[{"id":214,"href":"https:\/\/ciberbrok.com\/en\/wp-json\/wp\/v2\/pages\/211\/revisions\/214"}],"wp:attachment":[{"href":"https:\/\/ciberbrok.com\/en\/wp-json\/wp\/v2\/media?parent=211"}],"curies":[{"name":"wp","href":"https:\/\/api.w.org\/{rel}","templated":true}]}}