{"id":206,"date":"2024-06-23T13:23:43","date_gmt":"2024-06-23T13:23:43","guid":{"rendered":"https:\/\/ciberbrok.com\/?page_id=206"},"modified":"2024-06-23T13:24:26","modified_gmt":"2024-06-23T13:24:26","slug":"aviso-legal","status":"publish","type":"page","link":"https:\/\/ciberbrok.com\/en\/aviso-legal","title":{"rendered":"Aviso Legal"},"content":{"rendered":"<p>[et_pb_section fb_built=\u00bb1&#8243; theme_builder_area=\u00bbpost_content\u00bb _builder_version=\u00bb4.25.2&#8243; _module_preset=\u00bbdefault\u00bb global_colors_info=\u00bb{%22gcid-primary-color%22:%91%22background_color%22%93}\u00bb background_color=\u00bbgcid-primary-color\u00bb hover_enabled=\u00bb0&#8243; sticky_enabled=\u00bb0&#8243;][et_pb_row _builder_version=\u00bb4.25.2&#8243; _module_preset=\u00bbdefault\u00bb theme_builder_area=\u00bbpost_content\u00bb][et_pb_column _builder_version=\u00bb4.25.2&#8243; _module_preset=\u00bbdefault\u00bb type=\u00bb4_4&#8243; theme_builder_area=\u00bbpost_content\u00bb][et_pb_text _builder_version=\u00bb4.25.2&#8243; _module_preset=\u00bbdefault\u00bb theme_builder_area=\u00bbpost_content\u00bb hover_enabled=\u00bb0&#8243; sticky_enabled=\u00bb0&#8243; text_font=\u00bb|700|||||||\u00bb text_text_color=\u00bb#FFFFFF\u00bb text_font_size_last_edited=\u00bbon|phone\u00bb text_font_size=\u00bb30px\u00bb text_font_size_tablet=\u00bb30px\u00bb text_font_size_phone=\u00bb30px\u00bb]<\/p>\n<p>Aviso legal<\/p>\n<p>[\/et_pb_text][\/et_pb_column][\/et_pb_row][\/et_pb_section][et_pb_section fb_built=\u00bb1&#8243; theme_builder_area=\u00bbpost_content\u00bb _builder_version=\u00bb4.25.2&#8243; _module_preset=\u00bbdefault\u00bb][et_pb_row _builder_version=\u00bb4.25.2&#8243; _module_preset=\u00bbdefault\u00bb theme_builder_area=\u00bbpost_content\u00bb][et_pb_column _builder_version=\u00bb4.25.2&#8243; _module_preset=\u00bbdefault\u00bb type=\u00bb4_4&#8243; theme_builder_area=\u00bbpost_content\u00bb][et_pb_text _builder_version=\u00bb4.25.2&#8243; _module_preset=\u00bbdefault\u00bb theme_builder_area=\u00bbpost_content\u00bb hover_enabled=\u00bb0&#8243; sticky_enabled=\u00bb0&#8243;]<\/p>\n<p><strong>INTRODUCCION:<\/strong><\/p>\n<p>El presente documento tiene como finalidad el establecer y regular las normas de uso de este portal web, entendiendo por \u00e9ste todas las p\u00e1ginas y sus contenidos, propiedad de JOS\u00c9 RAM\u00d3N NAVARRO CANO , a las cuales se accede a trav\u00e9s del dominio<span>\u00a0<\/span><span><a href=\"http:\/\/www.segurosncs.com.\/\">WWW.SEGUROSNCS.COM.<\/a><\/span><span>\u00a0<\/span>La utilizaci\u00f3n del portal web atribuye la condici\u00f3n de usuario del mismo e implica la aceptaci\u00f3n de todas las condiciones incluidas en el presente aviso Legal. El usuario se compromete a leer atentamente el presente aviso Legal en cada una de las ocasiones en que se proponga utilizar nuestro portal web, ya que \u00e9ste y sus condiciones de uso recogidas en el presente aviso Legal pueden sufrir modificaciones<\/p>\n<p>&nbsp;<\/p>\n<p><strong>DATOS IDENTIFICATIVOS:<\/strong><\/p>\n<p>En cumplimiento con el deber de informaci\u00f3n recogido en el art\u00edculo 10 de la Ley 34\/2002, de 11 de julio, de Servicios de la Sociedad de la Informaci\u00f3n y del Comercio Electr\u00f3nico, a continuaci\u00f3n, se reflejan los siguientes datos:<\/p>\n<ul>\n<li>Raz\u00f3n social: JOSE RAM\u00d3N NAVARRO CANO<\/li>\n<li>NIF: 26239529W<\/li>\n<li>Domicilio:: Calle BA\u00d1OS, 35, LOCAL 2, CP 23700 LINARES, Jaen<\/li>\n<li>Tel\u00e9fono: 953600645<\/li>\n<li>Correo electr\u00f3nico: jrnavarro@ciberbrok.com<\/li>\n<li>Nombre del dominio:<span>\u00a0<\/span><strong><a href=\"http:\/\/www.segurosncs.com\/\">WWW.CIBERBROK.COM<\/a><\/strong><\/li>\n<\/ul>\n<p>&nbsp;<\/p>\n<p><strong>USUARIAS Y USUARIOS:<\/strong><\/p>\n<p>El acceso y uso de este portal, atribuye la condici\u00f3n de USUARIA\/O, que acepta, desde dicho acceso y uso, las Condiciones Generales de Uso aqu\u00ed reflejadas. Las citadas Condiciones ser\u00e1n de aplicaci\u00f3n independientemente de las Condiciones Generales de Contrataci\u00f3n que en su caso resulten de obligado cumplimiento.<\/p>\n<p>&nbsp;<\/p>\n<p><strong>USO DEL PORTAL:<\/strong><\/p>\n<p>Proporciona el acceso a diversas informaciones sobre nuestra entidad, apartados de contacto, hiperenlaces a redes sociales, en adelante contenidos pertenecientes a JOS\u00c9 RAM\u00d3N NAVARRO CANO , o a sus licenciadores, a los que la usuaria o el usuario pueda tener acceso. La usuaria o el usuario asume la responsabilidad del uso del portal. Dicha responsabilidad se extiende al registro que fuese necesario para acceder a determinados servicios o contenidos, o bien para posibilitar la respuesta en relaci\u00f3n con sus consultas en los apartados de contacto de la presente p\u00e1gina web, etc. En dicho registro la usuaria o el usuario ser\u00e1 responsable de aportar informaci\u00f3n veraz y l\u00edcita.<\/p>\n<p>&nbsp;<\/p>\n<p><strong>PROPIEDAD INTELECTUAL E INDUSTRIAL:<\/strong><\/p>\n<p>JOS\u00c9 RAM\u00d3N NAVARRO CANO, por s\u00ed o como cesionaria, es titular de todos los derechos de propiedad intelectual e industrial de su p\u00e1gina web, as\u00ed como de los elementos contenidos en la misma (a t\u00edtulo enunciativo: im\u00e1genes, sonido, audio, v\u00eddeo, software o textos; marcas o logotipos, combinaciones de colores, estructura y dise\u00f1o, selecci\u00f3n de materiales usados, programas de ordenador necesarios para su funcionamiento, acceso y uso, etc.). Todos los derechos reservados.<span><br \/><\/span><\/p>\n<p>En virtud de lo dispuesto en los art\u00edculos 8 y 32.2, p\u00e1rrafo segundo, de la Ley de Propiedad Intelectual, quedan expresamente prohibidas la reproducci\u00f3n, la distribuci\u00f3n y la comunicaci\u00f3n p\u00fablica, incluida su modalidad de puesta a disposici\u00f3n, de la totalidad o parte de los contenidos de esta p\u00e1gina web, con fines comerciales, en cualquier soporte y por cualquier medio t\u00e9cnico, sin la autorizaci\u00f3n de JOS RAM\u00d3N NAVARRO CANO . En ning\u00fan momento, salvo manifestaci\u00f3n expresa de lo contrario, el acceso, navegaci\u00f3n o utilizaci\u00f3n del sitio Web o de sus contenidos confiere a la usuaria o al usuario derecho alguno sobre signos distintivos en \u00e9l incluidos. La usuaria o el usuario se compromete a respetar los derechos de Propiedad Intelectual e Industrial titularidad de JOS\u00c9 RAM\u00d3N NAVARRO CANO En el caso de que la usuaria o el usuario env\u00ede informaci\u00f3n de cualquier tipo a JOS\u00c9 RAM\u00d3N NAVARRO CANO a trav\u00e9s de cualquiera de los canales habilitados para ello dentro de nuestro portal web, la usuaria o el usuario declara, garantiza y acepta que tiene derecho a hacerlo con total libertad, que dicha informaci\u00f3n no infringe ning\u00fan derecho de propiedad intelectual, industrial, o cualesquiera otros derechos de terceras personas, y que dicha informaci\u00f3n no tiene car\u00e1cter confidencial ni es perjudicial para terceras personas.<\/p>\n<p>&nbsp;<\/p>\n<p><strong>EXCLUSI\u00d3N DE GARANT\u00cdAS Y RESPONSABILIDAD:<\/strong><\/p>\n<p>JOS\u00c9 RAM\u00d3N NAVARRO CANO no se hace responsable, en ning\u00fan caso, de los da\u00f1os y perjuicios de cualquier naturaleza que se pudieran ocasionar, a t\u00edtulo enunciativo: errores u omisiones en los contenidos, falta de disponibilidad del portal o la transmisi\u00f3n de virus o programas maliciosos o lesivos en los contenidos, a pesar de haber adoptado todas las medidas tecnol\u00f3gicas necesarias para evitarlo. El contenido, informaci\u00f3n y consejos expresados en este portal web deben entenderse como simplemente orientativos. JOS\u00c9 RAM\u00d3N NAVARRO CANO no responde de ninguna forma de la efectividad o exactitud de los mismos, quedando exento de cualquier responsabilidad con los usuarios y usuarias que hagan uso de ellos.<\/p>\n<p>En este Sitio se pueden publicar contenidos y comentarios aportados por terceras personas. JOS\u00c9 RAM\u00d3N NAVARRO CANO no responde de la veracidad y exactitud de los mismos, quedando exenta de cualquier responsabilidad con los usuarios y con las usuarias que hagan uso de ellos. JOS\u00c9 RAM\u00d3N NAVARRO CANO se reserva el derecho de modificar el contenido del Sitio sin previo aviso y sin ning\u00fan tipo de limitaci\u00f3n. As\u00ed mismo, la empresa declina cualquier responsabilidad por los eventuales da\u00f1os y perjuicios que puedan ocasionarse por la falta de disponibilidad o continuidad de este sitio y de los servicios que se ofrecen en \u00e9l. Tampoco podemos garantizar la ausencia de virus ni de otros elementos en la Web que puedan producir alteraciones en su sistema inform\u00e1tico.<span><br \/><\/span><\/p>\n<p>JOS\u00c9 RAM\u00d3N NAVARRO CANO declina cualquier responsabilidad por los servicios e informaci\u00f3n que se preste en otros sitios enlazados con este, ya que no controla ni ejerce ning\u00fan tipo de supervisi\u00f3n en Sitios Webs de terceras personas. Aconsejamos a las usuarias y a los usuarios de los mismos que act\u00faen con prudencia y que consulten las eventuales condiciones legales que se expongan en dichas Webs. As\u00ed mismo, los Usuarios\/as que remitan cualquier tipo de informaci\u00f3n a se asegurar\u00e1n de que la misma sea veraz y de que no vulnere cualquier derecho de terceras personas ni la legalidad vigente. Si Ud. cree que cualquier contenido o informaci\u00f3n de este Sitio vulnera un derecho leg\u00edtimo o la legalidad vigente le estar\u00edamos muy agradecidos que se pusiera en contacto con nosotros a trav\u00e9s de los medios que considere oportunos bien a la direcci\u00f3n de correo electr\u00f3nico jrnavarro@ciberbrok.com o en el siguiente n\u00famero de tel\u00e9fono 953600645 para que podamos tomar las medidas oportunas.<\/p>\n<p>&nbsp;<\/p>\n<p><strong>MODIFICACIONES:<\/strong><\/p>\n<p>JOS\u00c9 RAM\u00d3N NAVARRO CANO se reserva el derecho de efectuar sin previo aviso las modificaciones que considere oportunas en su portal, pudiendo cambiar, suprimir o a\u00f1adir tanto los contenidos y servicios que se presten a trav\u00e9s de la misma como la forma en la que estos aparezcan presentados o localizados en su portal.<\/p>\n<p>&nbsp;<\/p>\n<p><strong>ENLACES:<\/strong><\/p>\n<p>En el caso de que en nombre del dominio se pusieran en funcionamiento enlaces o hiperv\u00ednculos que recayeran en otros sitios de Internet JOS\u00c9 RAM\u00d3N NAVARRO CANO no ejercer\u00e1 ning\u00fan tipo de control sobre dichos sitios y contenidos. En ning\u00fan caso JOSE RAM\u00d3N NAVARRO CANO asumir\u00e1 responsabilidad alguna por los contenidos de alg\u00fan enlace perteneciente a un sitio web ajeno, ni garantizar\u00e1 la disponibilidad t\u00e9cnica, calidad, fiabilidad, exactitud, amplitud, veracidad, validez y constitucionalidad de cualquier material o informaci\u00f3n contenida en ninguno de dichos hiperv\u00ednculos u otros sitios de Internet.<\/p>\n<p>Igualmente, la inclusi\u00f3n de estas conexiones externas no implicar\u00e1 ning\u00fan tipo de asociaci\u00f3n, fusi\u00f3n o participaci\u00f3n con las entidades conectadas.<\/p>\n<p>La usuaria o el usuario reconoce y acepta que JOSE RAM\u00d3N NAVARRO CANO no ser\u00e1 responsable de las p\u00e9rdidas o da\u00f1os en que la usuaria o el usuario pueda incurrir a consecuencia de la disponibilidad de los mencionados sitios web o recursos externos, o a consecuencia de la credibilidad que otorgue a la exhaustividad, precisi\u00f3n o existencia de cualquier tipo de publicidad, productos u otros materiales ofrecidos a trav\u00e9s de dicho sitio web u otros recursos.<\/p>\n<p>&nbsp;<\/p>\n<p><strong>DERECHO DE EXCLUSI\u00d3N:<\/strong><\/p>\n<p>JOS\u00c9 RAM\u00d3N NAVARRO CANO se reserva el derecho a denegar o retirar el acceso a portal o a los servicios ofrecidos sin necesidad de preaviso, a instancia propia o de terceras personas, a aquellos usuarios y a aquellas usuarias que incumplan las presentes Condiciones Generales de Uso.<\/p>\n<p>&nbsp;<\/p>\n<p><strong>GENERALIDADES:<\/strong><\/p>\n<p>JOS\u00c9 RAM\u00d3N NAVARRO CANO perseguir\u00e1 el incumplimiento de las presentes condiciones, as\u00ed como cualquier utilizaci\u00f3n indebida de su portal ejerciendo todas las acciones civiles y penales que le puedan corresponder en derecho.<\/p>\n<p>&nbsp;<\/p>\n<p><strong>LEGISLACI\u00d3N APLICABLE Y JURISDICCI\u00d3N:<\/strong><\/p>\n<p>La relaci\u00f3n entre JOS\u00c9 RAM\u00d3N NAVARRO CANO y la usuaria o el usuario se regir\u00e1 por la normativa espa\u00f1ola vigente. Y siempre que la normativa vigente al efecto establezca la posibilidad para las partes la sumisi\u00f3n a un fuero determinado cualquier controversia entre la persona responsable del sitio web y la usuaria o el usuario se someter\u00e1 a los Juzgados y tribunales de la ciudad de Ja\u00e9n<\/p>\n<p>&nbsp;<\/p>\n<p><strong>PLATAFORMA EUROPEA DE RESOLUCI\u00d3N DE CONFLICTOS EN L\u00cdNEA:<\/strong><\/p>\n<p>Le informamos que ante cualquier problema que pueda derivarse del servicio contratado o producto vendido, puede utilizar la plataforma europea de resoluci\u00f3n de disputas online, esta es:<span>\u00a0<\/span><strong><a href=\"https:\/\/ec.europa.eu\/consumers\/odr\/main\/index.cfm?event=main.home.show&amp;lng=es.\/\">https:\/\/ec.europa.eu\/consumers\/odr\/main\/index.cfm?event=main.home.show&amp;lng=ES.<\/a><\/strong><\/p>\n<p>[\/et_pb_text][\/et_pb_column][\/et_pb_row][\/et_pb_section]<\/p>","protected":false},"excerpt":{"rendered":"<p>Aviso legalINTRODUCCION: El presente documento tiene como finalidad el establecer y regular las normas de uso de este portal web, entendiendo por \u00e9ste todas las p\u00e1ginas y sus contenidos, propiedad de JOS\u00c9 RAM\u00d3N NAVARRO CANO , a las cuales se accede a trav\u00e9s del dominio\u00a0WWW.SEGUROSNCS.COM.\u00a0La utilizaci\u00f3n del portal web atribuye la condici\u00f3n de usuario del [&hellip;]<\/p>","protected":false},"author":1,"featured_media":0,"parent":0,"menu_order":0,"comment_status":"closed","ping_status":"closed","template":"","meta":{"_et_pb_use_builder":"on","_et_pb_old_content":"","_et_gb_content_width":"","footnotes":""},"class_list":["post-206","page","type-page","status-publish","hentry"],"yoast_head":"<!-- This site is optimized with the Yoast SEO plugin v24.2 - https:\/\/yoast.com\/wordpress\/plugins\/seo\/ -->\n<title>Aviso Legal - CIBERBROK | Seguros de Ciberriesgos<\/title>\n<meta name=\"robots\" content=\"index, follow, max-snippet:-1, max-image-preview:large, max-video-preview:-1\" \/>\n<link rel=\"canonical\" href=\"https:\/\/ciberbrok.com\/en\/aviso-legal\/\" \/>\n<meta property=\"og:locale\" content=\"en_US\" \/>\n<meta property=\"og:type\" content=\"article\" \/>\n<meta property=\"og:title\" content=\"Aviso Legal - CIBERBROK | Seguros de Ciberriesgos\" \/>\n<meta property=\"og:description\" content=\"Aviso legalINTRODUCCION: El presente documento tiene como finalidad el establecer y regular las normas de uso de este portal web, entendiendo por \u00e9ste todas las p\u00e1ginas y sus contenidos, propiedad de JOS\u00c9 RAM\u00d3N NAVARRO CANO , a las cuales se accede a trav\u00e9s del dominio\u00a0WWW.SEGUROSNCS.COM.\u00a0La utilizaci\u00f3n del portal web atribuye la condici\u00f3n de usuario del [&hellip;]\" \/>\n<meta property=\"og:url\" content=\"https:\/\/ciberbrok.com\/en\/aviso-legal\/\" \/>\n<meta property=\"og:site_name\" content=\"CIBERBROK | Seguros de Ciberriesgos\" \/>\n<meta property=\"article:modified_time\" content=\"2024-06-23T13:24:26+00:00\" \/>\n<meta name=\"twitter:card\" content=\"summary_large_image\" \/>\n<meta name=\"twitter:label1\" content=\"Est. reading time\" \/>\n\t<meta name=\"twitter:data1\" content=\"9 minutes\" \/>\n<script type=\"application\/ld+json\" class=\"yoast-schema-graph\">{\"@context\":\"https:\/\/schema.org\",\"@graph\":[{\"@type\":\"WebPage\",\"@id\":\"https:\/\/ciberbrok.com\/aviso-legal\",\"url\":\"https:\/\/ciberbrok.com\/aviso-legal\",\"name\":\"Aviso Legal - CIBERBROK | Seguros de Ciberriesgos\",\"isPartOf\":{\"@id\":\"https:\/\/ciberbrok.com\/#website\"},\"datePublished\":\"2024-06-23T13:23:43+00:00\",\"dateModified\":\"2024-06-23T13:24:26+00:00\",\"breadcrumb\":{\"@id\":\"https:\/\/ciberbrok.com\/aviso-legal#breadcrumb\"},\"inLanguage\":\"en-US\",\"potentialAction\":[{\"@type\":\"ReadAction\",\"target\":[\"https:\/\/ciberbrok.com\/aviso-legal\"]}]},{\"@type\":\"BreadcrumbList\",\"@id\":\"https:\/\/ciberbrok.com\/aviso-legal#breadcrumb\",\"itemListElement\":[{\"@type\":\"ListItem\",\"position\":1,\"name\":\"Portada\",\"item\":\"https:\/\/ciberbrok.com\/\"},{\"@type\":\"ListItem\",\"position\":2,\"name\":\"Aviso Legal\"}]},{\"@type\":\"WebSite\",\"@id\":\"https:\/\/ciberbrok.com\/#website\",\"url\":\"https:\/\/ciberbrok.com\/\",\"name\":\"ciberbrok\",\"description\":\"Expertos en Seguros de Ciberriesgos. Protege tu negocio frente a las perdidas producidas por un ataque inform\u00e1tico.\",\"publisher\":{\"@id\":\"https:\/\/ciberbrok.com\/#organization\"},\"potentialAction\":[{\"@type\":\"SearchAction\",\"target\":{\"@type\":\"EntryPoint\",\"urlTemplate\":\"https:\/\/ciberbrok.com\/?s={search_term_string}\"},\"query-input\":{\"@type\":\"PropertyValueSpecification\",\"valueRequired\":true,\"valueName\":\"search_term_string\"}}],\"inLanguage\":\"en-US\"},{\"@type\":\"Organization\",\"@id\":\"https:\/\/ciberbrok.com\/#organization\",\"name\":\"ciberbrok\",\"url\":\"https:\/\/ciberbrok.com\/\",\"logo\":{\"@type\":\"ImageObject\",\"inLanguage\":\"en-US\",\"@id\":\"https:\/\/ciberbrok.com\/#\/schema\/logo\/image\/\",\"url\":\"https:\/\/ciberbrok.com\/wp-content\/uploads\/2024\/06\/logo_azul.png\",\"contentUrl\":\"https:\/\/ciberbrok.com\/wp-content\/uploads\/2024\/06\/logo_azul.png\",\"width\":2021,\"height\":459,\"caption\":\"ciberbrok\"},\"image\":{\"@id\":\"https:\/\/ciberbrok.com\/#\/schema\/logo\/image\/\"}}]}<\/script>\n<!-- \/ Yoast SEO plugin. -->","yoast_head_json":{"title":"Aviso Legal - CIBERBROK | Seguros de Ciberriesgos","robots":{"index":"index","follow":"follow","max-snippet":"max-snippet:-1","max-image-preview":"max-image-preview:large","max-video-preview":"max-video-preview:-1"},"canonical":"https:\/\/ciberbrok.com\/en\/aviso-legal\/","og_locale":"en_US","og_type":"article","og_title":"Aviso Legal - CIBERBROK | Seguros de Ciberriesgos","og_description":"Aviso legalINTRODUCCION: El presente documento tiene como finalidad el establecer y regular las normas de uso de este portal web, entendiendo por \u00e9ste todas las p\u00e1ginas y sus contenidos, propiedad de JOS\u00c9 RAM\u00d3N NAVARRO CANO , a las cuales se accede a trav\u00e9s del dominio\u00a0WWW.SEGUROSNCS.COM.\u00a0La utilizaci\u00f3n del portal web atribuye la condici\u00f3n de usuario del [&hellip;]","og_url":"https:\/\/ciberbrok.com\/en\/aviso-legal\/","og_site_name":"CIBERBROK | Seguros de Ciberriesgos","article_modified_time":"2024-06-23T13:24:26+00:00","twitter_card":"summary_large_image","twitter_misc":{"Est. reading time":"9 minutes"},"schema":{"@context":"https:\/\/schema.org","@graph":[{"@type":"WebPage","@id":"https:\/\/ciberbrok.com\/aviso-legal","url":"https:\/\/ciberbrok.com\/aviso-legal","name":"Aviso Legal - CIBERBROK | Seguros de Ciberriesgos","isPartOf":{"@id":"https:\/\/ciberbrok.com\/#website"},"datePublished":"2024-06-23T13:23:43+00:00","dateModified":"2024-06-23T13:24:26+00:00","breadcrumb":{"@id":"https:\/\/ciberbrok.com\/aviso-legal#breadcrumb"},"inLanguage":"en-US","potentialAction":[{"@type":"ReadAction","target":["https:\/\/ciberbrok.com\/aviso-legal"]}]},{"@type":"BreadcrumbList","@id":"https:\/\/ciberbrok.com\/aviso-legal#breadcrumb","itemListElement":[{"@type":"ListItem","position":1,"name":"Portada","item":"https:\/\/ciberbrok.com\/"},{"@type":"ListItem","position":2,"name":"Aviso Legal"}]},{"@type":"WebSite","@id":"https:\/\/ciberbrok.com\/#website","url":"https:\/\/ciberbrok.com\/","name":"ciberbrok","description":"Expertos en Seguros de Ciberriesgos. Protege tu negocio frente a las perdidas producidas por un ataque inform\u00e1tico.","publisher":{"@id":"https:\/\/ciberbrok.com\/#organization"},"potentialAction":[{"@type":"SearchAction","target":{"@type":"EntryPoint","urlTemplate":"https:\/\/ciberbrok.com\/?s={search_term_string}"},"query-input":{"@type":"PropertyValueSpecification","valueRequired":true,"valueName":"search_term_string"}}],"inLanguage":"en-US"},{"@type":"Organization","@id":"https:\/\/ciberbrok.com\/#organization","name":"ciberbrok","url":"https:\/\/ciberbrok.com\/","logo":{"@type":"ImageObject","inLanguage":"en-US","@id":"https:\/\/ciberbrok.com\/#\/schema\/logo\/image\/","url":"https:\/\/ciberbrok.com\/wp-content\/uploads\/2024\/06\/logo_azul.png","contentUrl":"https:\/\/ciberbrok.com\/wp-content\/uploads\/2024\/06\/logo_azul.png","width":2021,"height":459,"caption":"ciberbrok"},"image":{"@id":"https:\/\/ciberbrok.com\/#\/schema\/logo\/image\/"}}]}},"_links":{"self":[{"href":"https:\/\/ciberbrok.com\/en\/wp-json\/wp\/v2\/pages\/206","targetHints":{"allow":["GET"]}}],"collection":[{"href":"https:\/\/ciberbrok.com\/en\/wp-json\/wp\/v2\/pages"}],"about":[{"href":"https:\/\/ciberbrok.com\/en\/wp-json\/wp\/v2\/types\/page"}],"author":[{"embeddable":true,"href":"https:\/\/ciberbrok.com\/en\/wp-json\/wp\/v2\/users\/1"}],"replies":[{"embeddable":true,"href":"https:\/\/ciberbrok.com\/en\/wp-json\/wp\/v2\/comments?post=206"}],"version-history":[{"count":3,"href":"https:\/\/ciberbrok.com\/en\/wp-json\/wp\/v2\/pages\/206\/revisions"}],"predecessor-version":[{"id":210,"href":"https:\/\/ciberbrok.com\/en\/wp-json\/wp\/v2\/pages\/206\/revisions\/210"}],"wp:attachment":[{"href":"https:\/\/ciberbrok.com\/en\/wp-json\/wp\/v2\/media?parent=206"}],"curies":[{"name":"wp","href":"https:\/\/api.w.org\/{rel}","templated":true}]}}